{"id":3127,"date":"2024-04-16T13:35:18","date_gmt":"2024-04-16T13:35:18","guid":{"rendered":"https:\/\/bruecke.muwit.net\/?page_id=3127"},"modified":"2024-12-02T14:02:45","modified_gmt":"2024-12-02T14:02:45","slug":"colophon","status":"publish","type":"page","link":"https:\/\/hotel-zur-bruecke.com\/it\/colophon\/","title":{"rendered":"Colophon"},"content":{"rendered":"\t\t<div data-elementor-type=\"wp-page\" data-elementor-id=\"3127\" class=\"elementor elementor-3127 elementor-150\" data-elementor-post-type=\"page\">\n\t\t\t\t<div class=\"elementor-element elementor-element-1ca9c173 e-con-full e-flex e-con e-parent\" data-id=\"1ca9c173\" data-element_type=\"container\" data-settings=\"{&quot;background_background&quot;:&quot;classic&quot;}\">\n\t\t\t\t<div class=\"elementor-element elementor-element-49c51af7 elementor--v-position-bottom elementor--h-position-center elementor-arrows-position-inside elementor-pagination-position-inside elementor-widget elementor-widget-slides\" data-id=\"49c51af7\" data-element_type=\"widget\" data-settings=\"{&quot;navigation&quot;:&quot;both&quot;,&quot;autoplay&quot;:&quot;yes&quot;,&quot;pause_on_hover&quot;:&quot;yes&quot;,&quot;pause_on_interaction&quot;:&quot;yes&quot;,&quot;autoplay_speed&quot;:5000,&quot;infinite&quot;:&quot;yes&quot;,&quot;transition&quot;:&quot;slide&quot;,&quot;transition_speed&quot;:500}\" data-widget_type=\"slides.default\">\n\t\t\t\t<div class=\"elementor-widget-container\">\n\t\t\t<style>.elementor-slides .swiper-slide-bg{background-size:cover;background-position:50%;background-repeat:no-repeat;min-width:100%;min-height:100%}.elementor-slides .swiper-slide-inner{background-repeat:no-repeat;background-position:50%;position:absolute;top:0;left:0;bottom:0;right:0;padding:50px;margin:auto}.elementor-slides .swiper-slide-inner,.elementor-slides .swiper-slide-inner:hover{color:#fff;display:flex}.elementor-slides .swiper-slide-inner .elementor-background-overlay{position:absolute;z-index:0;top:0;bottom:0;left:0;right:0}.elementor-slides .swiper-slide-inner .elementor-slide-content{position:relative;z-index:1;width:100%}.elementor-slides .swiper-slide-inner .elementor-slide-heading{font-size:35px;font-weight:700;line-height:1}.elementor-slides .swiper-slide-inner .elementor-slide-description{font-size:17px;line-height:1.4}.elementor-slides .swiper-slide-inner .elementor-slide-description:not(:last-child),.elementor-slides .swiper-slide-inner .elementor-slide-heading:not(:last-child){margin-bottom:30px}.elementor-slides .swiper-slide-inner .elementor-slide-button{border:2px solid #fff;color:#fff;background:transparent;display:inline-block}.elementor-slides .swiper-slide-inner .elementor-slide-button,.elementor-slides .swiper-slide-inner .elementor-slide-button:hover{background:transparent;color:inherit;text-decoration:none}.elementor--v-position-top .swiper-slide-inner{align-items:flex-start}.elementor--v-position-bottom .swiper-slide-inner{align-items:flex-end}.elementor--v-position-middle .swiper-slide-inner{align-items:center}.elementor--h-position-left .swiper-slide-inner{justify-content:flex-start}.elementor--h-position-right .swiper-slide-inner{justify-content:flex-end}.elementor--h-position-center .swiper-slide-inner{justify-content:center}body.rtl .elementor-widget-slides .elementor-swiper-button-next{left:10px;right:auto}body.rtl .elementor-widget-slides .elementor-swiper-button-prev{right:10px;left:auto}.elementor-slides-wrapper div:not(.swiper-slide)>.swiper-slide-inner{display:none}@media (max-width:767px){.elementor-slides .swiper-slide-inner{padding:30px}.elementor-slides .swiper-slide-inner .elementor-slide-heading{font-size:23px;line-height:1;margin-bottom:15px}.elementor-slides .swiper-slide-inner .elementor-slide-description{font-size:13px;line-height:1.4;margin-bottom:15px}}<\/style>\t\t<div class=\"elementor-swiper\">\n\t\t\t<div class=\"elementor-slides-wrapper elementor-main-swiper swiper\" dir=\"ltr\" data-animation=\"\">\n\t\t\t\t<div class=\"swiper-wrapper elementor-slides\">\n\t\t\t\t\t\t\t\t\t\t<div class=\"elementor-repeater-item-d992a7a swiper-slide\"><div class=\"swiper-slide-bg elementor-ken-burns elementor-ken-burns--in\" role=\"img\"><\/div><div class=\"elementor-background-overlay\"><\/div><div class=\"swiper-slide-inner\" ><div class=\"swiper-slide-contents\"><\/div><\/div><\/div>\t\t\t\t<\/div>\n\t\t\t\t\t\t\t<\/div>\n\t\t<\/div>\n\t\t\t\t<\/div>\n\t\t\t\t<\/div>\n\t\t\t\t<\/div>\n\t\t<div class=\"elementor-element elementor-element-5e102bd e-con-full blacklink e-flex e-con e-parent\" data-id=\"5e102bd\" data-element_type=\"container\" data-settings=\"{&quot;background_background&quot;:&quot;classic&quot;}\">\n\t\t\t\t<div class=\"elementor-element elementor-element-1923976 elementor-widget elementor-widget-heading\" data-id=\"1923976\" data-element_type=\"widget\" data-widget_type=\"heading.default\">\n\t\t\t\t<div class=\"elementor-widget-container\">\n\t\t\t<style>\/*! elementor - v3.22.0 - 17-06-2024 *\/\n.elementor-heading-title{padding:0;margin:0;line-height:1}.elementor-widget-heading .elementor-heading-title[class*=elementor-size-]>a{color:inherit;font-size:inherit;line-height:inherit}.elementor-widget-heading .elementor-heading-title.elementor-size-small{font-size:15px}.elementor-widget-heading .elementor-heading-title.elementor-size-medium{font-size:19px}.elementor-widget-heading .elementor-heading-title.elementor-size-large{font-size:29px}.elementor-widget-heading .elementor-heading-title.elementor-size-xl{font-size:39px}.elementor-widget-heading .elementor-heading-title.elementor-size-xxl{font-size:59px}<\/style><h1 class=\"elementor-heading-title elementor-size-default\">Colophon<\/h1>\t\t<\/div>\n\t\t\t\t<\/div>\n\t\t\t\t<div class=\"elementor-element elementor-element-5a89ef3b elementor-widget elementor-widget-text-editor\" data-id=\"5a89ef3b\" data-element_type=\"widget\" data-widget_type=\"text-editor.default\">\n\t\t\t\t<div class=\"elementor-widget-container\">\n\t\t\t<style>\/*! elementor - v3.22.0 - 17-06-2024 *\/\n.elementor-widget-text-editor.elementor-drop-cap-view-stacked .elementor-drop-cap{background-color:#69727d;color:#fff}.elementor-widget-text-editor.elementor-drop-cap-view-framed .elementor-drop-cap{color:#69727d;border:3px solid;background-color:transparent}.elementor-widget-text-editor:not(.elementor-drop-cap-view-default) .elementor-drop-cap{margin-top:8px}.elementor-widget-text-editor:not(.elementor-drop-cap-view-default) .elementor-drop-cap-letter{width:1em;height:1em}.elementor-widget-text-editor .elementor-drop-cap{float:left;text-align:center;line-height:1;font-size:50px}.elementor-widget-text-editor .elementor-drop-cap-letter{display:inline-block}<\/style>\t\t\t\t<p><strong>Mair &amp; Co. OHG d. C. Mair<br \/><\/strong>Hotel zur Br\u00fccke<br \/>Via Parrocchia 2 \u2013 Mezzaselva<br \/>I-39045 Fortezza (BZ)<\/p><p>Tel. +39 0472 458 644<br \/><a href=\"mailto:hotel@zur-bruecke.it\">hotel@zur-bruecke.it<\/a><br \/><a href=\"http:\/\/www.hotel-zur-bruecke.com\/\">www.hotel-zur-bruecke.com<\/a><\/p><p>Codice Destinatario: SUBM70N<br \/>P. IVA IT 01187610215<br \/><span lang=\"IT\">CIN: IT021032A1VDB4RFW5<\/span><\/p><p>Camera di commercio: Bolzano<br \/>Numero iscrizione camera di commercio: BZ \u2013 106329<br \/>Numero REA: BZ \u2013 106329<\/p><p><strong>Copyright per le immagini e grafiche utilizzate:<\/strong><\/p><p><strong>TV Brixen<br \/><\/strong>Helmut Moling<br \/>Alex Filz<br \/>Manuel Kottersteger<br \/>Michael Pezzei<br \/>Matthias Gasser<br \/>Hannes Niederkofler<\/p><p><strong>IDM S\u00fcdtirol-Alto Adige<br \/><\/strong>Benjamin Pfitscher<br \/>Ivan Bortondello<br \/>Manuel Ferrigato<br \/>Patrick Schwienbacher<br \/>Harald Wisthaler<br \/>Daniel Geiger<br \/>Alex Moling<br \/>Alex Filz<br \/>Fabian Leitner<br \/>Andreas Mierswa<br \/>Manuel Kottersteger<br \/>Thomas Gr\u00fcner<br \/>Hansi Heckmair<br \/>Marion Lafogler<br \/>Matt Cherubino<br \/>Clemens Zahn<\/p><p><strong>IDM S\u00fcdtirol Wein<br \/><\/strong>Tiberio Sorvillo<\/p><p><strong>IDM S\u00fcdtirol-STA<br \/><\/strong>Manuela Tessaro<br \/>Dietmar Denger<\/p><p><strong>Ski- &amp; Almenregion Gitschberg Jochtal<br \/><\/strong>Manuel Kottersteger<\/p><p><strong>Schloss Wolfthurn<br \/><\/strong>Hermann M. Gasser<\/p><p><strong>Schloss Pr\u00f6sels<br \/><\/strong>Helmut Rier<\/p><p><strong>Franzensfeste<br \/><\/strong>Georg Hofer<\/p><p><strong>Burg Reifenstein<br \/><\/strong>Ottmar Seehauser<\/p><p><strong>Ratschings Tourismus<br \/><\/strong>Manuel Kottersteger<\/p><p><strong>TV Antholzertal<br \/><\/strong>Manuel Kottersteger<\/p><p><strong>Kellerei Eisacktal<br \/><\/strong>Helmut Moling<\/p><p><strong>Tourismusgenossenschaft Sterzing Pfitsch Freienfeld<\/strong><\/p><p><strong>Freepik<br \/><\/strong><a href=\"https:\/\/www.freepik.com\/free-ai-image\/view-realistic-feet-touching-clear-running-water_138360618.htm#fromView=search&amp;page=1&amp;position=2&amp;uuid=4dd87cd8-a2dd-4e1c-8c17-26f806cf4d8b\" target=\"_new\" rel=\"noreferrer\">Realistic Feet Touching Clear Running Water<\/a><br \/><a href=\"https:\/\/www.freepik.com\/free-photo\/b-w_1007033.htm#fromView=search&amp;page=1&amp;position=3&amp;uuid=c537b1dc-6811-45c0-992e-a5893aca30f0\" target=\"_new\" rel=\"noreferrer\">B\/W Image<\/a><br \/><a href=\"https:\/\/it.freepik.com\/foto-gratuito\/coppia-lesbica-in-viaggio-in-moto_15857251.htm#from_view=detail_serie\" target=\"_new\" rel=\"noreferrer\">Lesbian Couple Traveling on Motorcycle<\/a><\/p><p><strong>Pixabay<br \/><\/strong>Bild von <a href=\"https:\/\/pixabay.com\/de\/users\/lukasbieri-4664461\/?utm_source=link-attribution&amp;utm_medium=referral&amp;utm_campaign=image&amp;utm_content=2390809\" target=\"_new\" rel=\"noreferrer\">Lukas Bieri<\/a> auf <a href=\"https:\/\/pixabay.com\/de\/\/?utm_source=link-attribution&amp;utm_medium=referral&amp;utm_campaign=image&amp;utm_content=2390809\" target=\"_new\" rel=\"noreferrer\">Pixabay<\/a><br \/>Bild von <a href=\"https:\/\/pixabay.com\/de\/users\/198570-198570\/?utm_source=link-attribution&amp;utm_medium=referral&amp;utm_campaign=image&amp;utm_content=293542\" target=\"_new\" rel=\"noreferrer\">198570<\/a> auf <a href=\"https:\/\/pixabay.com\/de\/\/?utm_source=link-attribution&amp;utm_medium=referral&amp;utm_campaign=image&amp;utm_content=293542\" target=\"_new\" rel=\"noreferrer\">Pixabay<\/a><br \/><a href=\"https:\/\/it.freepik.com\/foto-gratuito\/l-uomo-scende-sulla-corda-in-un-parco-divertimenti_1274817.htm#fromView=search&amp;page=1&amp;position=1&amp;uuid=29d5afcd-8b16-4f48-b96d-4923b6ce590c\" target=\"_new\" rel=\"noreferrer\">L\u2019uomo Scende sulla Corda in un Parco Divertimenti<\/a> von v.ivash auf Freepik<br \/>Bild von <a href=\"https:\/\/pixabay.com\/de\/users\/alfredhofmeister-25159555\/?utm_source=link-attribution&amp;utm_medium=referral&amp;utm_campaign=image&amp;utm_content=6994765\" target=\"_new\" rel=\"noreferrer\">Alfred<\/a> auf <a href=\"https:\/\/pixabay.com\/de\/\/?utm_source=link-attribution&amp;utm_medium=referral&amp;utm_campaign=image&amp;utm_content=6994765\" target=\"_new\" rel=\"noreferrer\">Pixabay<\/a><br \/>Bild von <a href=\"https:\/\/pixabay.com\/de\/users\/giampaolo555-7111966\/?utm_source=link-attribution&amp;utm_medium=referral&amp;utm_campaign=image&amp;utm_content=3007032\" target=\"_new\" rel=\"noreferrer\">Giampaolo Mastro<\/a> auf <a href=\"https:\/\/pixabay.com\/de\/\/?utm_source=link-attribution&amp;utm_medium=referral&amp;utm_campaign=image&amp;utm_content=3007032\" target=\"_new\" rel=\"noreferrer\">Pixabay<\/a><br \/>Bild von <a href=\"https:\/\/pixabay.com\/de\/users\/hans-2\/?utm_source=link-attribution&amp;utm_medium=referral&amp;utm_campaign=image&amp;utm_content=2799636\" target=\"_new\" rel=\"noreferrer\">Hans<\/a> auf <a href=\"https:\/\/pixabay.com\/de\/\/?utm_source=link-attribution&amp;utm_medium=referral&amp;utm_campaign=image&amp;utm_content=2799636\" target=\"_new\" rel=\"noreferrer\">Pixabay<\/a><br \/>Bild von <a href=\"https:\/\/pixabay.com\/de\/users\/4634656-4634656\/?utm_source=link-attribution&amp;utm_medium=referral&amp;utm_campaign=image&amp;utm_content=2089829\" target=\"_new\" rel=\"noreferrer\">4634656<\/a> auf <a href=\"https:\/\/pixabay.com\/de\/\/?utm_source=link-attribution&amp;utm_medium=referral&amp;utm_campaign=image&amp;utm_content=2089829\" target=\"_new\" rel=\"noreferrer\">Pixabay<\/a><br \/>Bild von <a href=\"https:\/\/pixabay.com\/de\/users\/noname_13-2364555\/?utm_source=link-attribution&amp;utm_medium=referral&amp;utm_campaign=image&amp;utm_content=3713825\" target=\"_new\" rel=\"noreferrer\">NoName_13<\/a> auf <a href=\"https:\/\/pixabay.com\/de\/\/?utm_source=link-attribution&amp;utm_medium=referral&amp;utm_campaign=image&amp;utm_content=3713825\" target=\"_new\" rel=\"noreferrer\">Pixabay<\/a><br \/>Bild von <a href=\"https:\/\/pixabay.com\/de\/users\/hans-2\/?utm_source=link-attribution&amp;utm_medium=referral&amp;utm_campaign=image&amp;utm_content=528\" target=\"_new\" rel=\"noreferrer\">Hans<\/a> auf <a href=\"https:\/\/pixabay.com\/de\/\/?utm_source=link-attribution&amp;utm_medium=referral&amp;utm_campaign=image&amp;utm_content=528\" target=\"_new\" rel=\"noreferrer\">Pixabay<\/a><br \/>Bild von <a href=\"https:\/\/pixabay.com\/de\/users\/atlantios-4957810\/?utm_source=link-attribution&amp;utm_medium=referral&amp;utm_campaign=image&amp;utm_content=6169088\" target=\"_new\" rel=\"noreferrer\">Antonios Ntoumas<\/a> auf <a href=\"https:\/\/pixabay.com\/de\/\/?utm_source=link-attribution&amp;utm_medium=referral&amp;utm_campaign=image&amp;utm_content=6169088\" target=\"_new\" rel=\"noreferrer\">Pixabay<\/a><br \/><a href=\"https:\/\/www.freepik.com\/free-photo\/white-llama-with-blurred-mountains_10291592.htm#fromView=search&amp;page=1&amp;position=3&amp;uuid=6402a0c0-67bc-4f97-8e9f-6d99d8c378bd\" target=\"_new\" rel=\"noreferrer\">White Llama with Blurred Mountains<\/a> auf Freepik<br \/>Bild von <a href=\"https:\/\/pixabay.com\/de\/users\/alexas_fotos-686414\/?utm_source=link-attribution&amp;utm_medium=referral&amp;utm_campaign=image&amp;utm_content=2903707\" target=\"_new\" rel=\"noreferrer\">Alexa<\/a> auf <a href=\"https:\/\/pixabay.com\/de\/\/?utm_source=link-attribution&amp;utm_medium=referral&amp;utm_campaign=image&amp;utm_content=2903707\" target=\"_new\" rel=\"noreferrer\">Pixabay<\/a><br \/>Bild von <a href=\"https:\/\/pixabay.com\/de\/users\/danymena88-1325815\/?utm_source=link-attribution&amp;utm_medium=referral&amp;utm_campaign=image&amp;utm_content=1355949\" target=\"_new\" rel=\"noreferrer\">Daniel Mena<\/a> auf <a href=\"https:\/\/pixabay.com\/de\/\/?utm_source=link-attribution&amp;utm_medium=referral&amp;utm_campaign=image&amp;utm_content=1355949\" target=\"_new\" rel=\"noreferrer\">Pixabay<\/a><br \/>Bild von <a href=\"https:\/\/pixabay.com\/de\/users\/shogun-1310047\/?utm_source=link-attribution&amp;utm_medium=referral&amp;utm_campaign=image&amp;utm_content=4371407\" target=\"_new\" rel=\"noreferrer\">Karl Egger<\/a> auf <a href=\"https:\/\/pixabay.com\/de\/\/?utm_source=link-attribution&amp;utm_medium=referral&amp;utm_campaign=image&amp;utm_content=4371407\" target=\"_new\" rel=\"noreferrer\">Pixabay<\/a><br \/>Bild von <a href=\"https:\/\/pixabay.com\/de\/users\/chiemseherin-1425977\/?utm_source=link-attribution&amp;utm_medium=referral&amp;utm_campaign=image&amp;utm_content=8195026\" target=\"_new\" rel=\"noreferrer\">Christel<\/a> auf <a href=\"https:\/\/pixabay.com\/de\/\/?utm_source=link-attribution&amp;utm_medium=referral&amp;utm_campaign=image&amp;utm_content=8195026\" target=\"_new\" rel=\"noreferrer\">Pixabay<\/a><br \/>Bild von <a target=\"_new\" rel=\"noreferrer\">\u041e\u043a\u0441\u0430\u043d\u0430 \u041c\u0430\u043a\u043e\u043a\u0438\u043d\u0430<\/a> auf <a href=\"https:\/\/pixabay.com\/de\/\/?utm_source=link-attribution&amp;utm_medium=referral&amp;utm_campaign=image&amp;utm_content=7145713\" target=\"_new\" rel=\"noreferrer\">Pixabay<\/a><\/p><p><strong>Risoluzione delle controversie\u00a0<\/strong><br \/>Informazioni obbligatorie ai sensi del Regolamento UE n. 524\/2013 del Parlamento e Consiglio europeo. Piattaforma per la risoluzione online delle controversie (ODR) della Commissione europea:\u00a0<br \/><a href=\"https:\/\/ec.europa.eu\/consumers\/odr\/main\/?event=main.trader.register\" target=\"_blank\" rel=\"noopener\">https:\/\/ec.europa.eu\/consumers\/odr\/main\/?event=main.trader.register<\/a><\/p><p><strong>Concetto e realizzazione<\/strong><br \/>muwit d. sandra stablum<br \/>Citt\u00e1 Alta 60<br \/>39043 Chiusa<br \/>Tel.\u00a0<a href=\"tel:+39 347 1330206\">+39 347 1330206<\/a><br \/>Part. IVA 02730810211<br \/>Cod. fisc. STB SDR 88 A44 B160 S<br \/><a href=\"mailto:\">info@muwit.it<\/a><br \/><a href=\"www.muwit.it\" target=\"_blank\" rel=\"noopener\">www.muwit.it<\/a><\/p><p><strong>Responsabile per il contenuto:<\/strong><br \/>Ellis Kasslatter<\/p><p><strong>Dichiarazione liberatoria:<br \/>Responsabilit\u00e0 per i contenuti<\/strong><\/p><p>I contenuti delle nostre pagine sono stati redatti, elaborati e controllati scrupolosamente. Tuttavia, non ci assumiamo nessuna responsabilit\u00e0 per la correttezza, qualit\u00e0, completezza e attualit\u00e0 dei contenuti, poich\u00e9 non \u00e8 da escludere che siano cambiati nel tempo. Come prestatori di servizi siamo responsabili per i contenuti di queste pagine in base alla normativa vigente. Nella nostra qualit\u00e0 di prestatori di servizi non siamo per\u00f2 obbligati a controllare l\u2019esattezza di informazioni ricevute o salvate da terzi, o a controllare se sussistano irregolarit\u00e0 che indichino un\u2019attivit\u00e0 illegale. L\u2019obbligo di rimuovere o bloccare l\u2019utilizzo di informazioni secondo la normativa vigente rimane valido. L\u2019assunzione di tale responsabilit\u00e0 \u00e8 tuttavia possibile solamente dopo il momento dell\u2019effettivo riconoscimento da parte nostra di una concreta violazione di diritto. Alla presa d\u2019atto di tali violazioni di legge provvederemo immediatamente alla rimozione dei contenuti in questione.<br \/>Si escludono di principio le rivendicazioni di responsabilit\u00e0 di qualsiasi tipo causate dall\u2019utilizzo di informazioni messe a disposizione, oppure da informazioni errate e\/o incomplete.<\/p><p><strong>Responsabilit\u00e0 per i link<\/strong><\/p><p>La nostra offerta contiene dei collegamenti ipertestuali con siti web esterni di terzi, sui cui contenuti non possiamo influire. Per questo motivo non forniamo nessuna garanzia sui contenuti dei siti web linkati, indipendentemente dal tipo e dalla natura. Ne \u00e8 responsabile solamente il relativo proprietario o gestore del sito. Un controllo permanente dei contenuti dei siti linkati al presente non \u00e8 fattibile senza concreti punti di riferimento. All\u2019avvenuta conoscenza d\u2019infrazioni contro la legge causate dai siti web linkati, i link in questione saranno subito rimossi.<\/p><p><strong>Copyright<\/strong><\/p><p>Tutti i contenuti e le opere creati dal web designer e dai gestori del sito sono protetti da copyright. La riproduzione, l\u2019alterazione, la distribuzione e qualsiasi forma di utilizzo, soprattutto per scopi commerciali, al di fuori dei limiti del diritto d\u2019autore, sono severamente vietate e ammesse esclusivamente previa autorizzazione scritta del relativo autore o creatore. Nel caso i contenuti di questa pagina non siano stati creati dal gestore, sono da rispettare i diritti di copyright di terzi. I contenuti redatti da terzi sono contrassegnati come tali. In caso doveste notare una violazione del copyright, vi preghiamo gentilmente di farci pervenire un\u2019apposita segnalazione. All\u2019atto di presa di conoscenza di tali violazioni di legge, i contenuti in questione saranno naturalmente rimossi subito, senza per\u00f2 assumerne nessuna responsabilit\u00e0.<\/p>\t\t\t\t\t\t<\/div>\n\t\t\t\t<\/div>\n\t\t\t\t<\/div>\n\t\t\t\t<\/div>\n\t\t","protected":false},"excerpt":{"rendered":"<p>Colophon Mair &amp; Co. OHG d. C. MairHotel zur Br\u00fcckeVia Parrocchia 2 \u2013 MezzaselvaI-39045 Fortezza (BZ) Tel. +39 0472 458 644hotel@zur-bruecke.itwww.hotel-zur-bruecke.com Codice Destinatario: SUBM70NP. IVA IT 01187610215CIN: IT021032A1VDB4RFW5 Camera di commercio: BolzanoNumero iscrizione camera di commercio: BZ \u2013 106329Numero REA: BZ \u2013 106329 Copyright per le immagini e grafiche utilizzate: TV BrixenHelmut MolingAlex FilzManuel KotterstegerMichael [&hellip;]<\/p>\n","protected":false},"author":1,"featured_media":0,"parent":0,"menu_order":0,"comment_status":"closed","ping_status":"closed","template":"","meta":{"_acf_changed":false,"footnotes":""},"acf":[],"yoast_head":"<!-- This site is optimized with the Yoast SEO plugin v22.9 - https:\/\/yoast.com\/wordpress\/plugins\/seo\/ -->\n<title>Colophon - Hotel zur Br\u00fccke<\/title>\n<meta name=\"description\" content=\"Colophon\" \/>\n<meta name=\"robots\" content=\"noindex, follow\" \/>\n<meta property=\"og:locale\" content=\"it_IT\" \/>\n<meta property=\"og:type\" content=\"article\" \/>\n<meta property=\"og:title\" content=\"Colophon - Hotel zur Br\u00fccke\" \/>\n<meta property=\"og:description\" content=\"Colophon\" \/>\n<meta property=\"og:url\" content=\"https:\/\/hotel-zur-bruecke.com\/it\/colophon\/\" \/>\n<meta property=\"og:site_name\" content=\"Hotel zur Br\u00fccke\" \/>\n<meta property=\"article:publisher\" content=\"https:\/\/www.facebook.com\/photo\/?fbid=593451105857775&amp;set=a.580404327162453\" \/>\n<meta property=\"article:modified_time\" content=\"2024-12-02T14:02:45+00:00\" \/>\n<meta name=\"twitter:card\" content=\"summary_large_image\" \/>\n<meta name=\"twitter:label1\" content=\"Tempo di lettura stimato\" \/>\n\t<meta name=\"twitter:data1\" content=\"4 minuti\" \/>\n<script type=\"application\/ld+json\" class=\"yoast-schema-graph\">{\"@context\":\"https:\/\/schema.org\",\"@graph\":[{\"@type\":\"WebPage\",\"@id\":\"https:\/\/hotel-zur-bruecke.com\/it\/colophon\/\",\"url\":\"https:\/\/hotel-zur-bruecke.com\/it\/colophon\/\",\"name\":\"Colophon - Hotel zur Br\u00fccke\",\"isPartOf\":{\"@id\":\"https:\/\/hotel-zur-bruecke.com\/it\/#website\"},\"datePublished\":\"2024-04-16T13:35:18+00:00\",\"dateModified\":\"2024-12-02T14:02:45+00:00\",\"description\":\"Colophon\",\"breadcrumb\":{\"@id\":\"https:\/\/hotel-zur-bruecke.com\/it\/colophon\/#breadcrumb\"},\"inLanguage\":\"it-IT\",\"potentialAction\":[{\"@type\":\"ReadAction\",\"target\":[\"https:\/\/hotel-zur-bruecke.com\/it\/colophon\/\"]}]},{\"@type\":\"BreadcrumbList\",\"@id\":\"https:\/\/hotel-zur-bruecke.com\/it\/colophon\/#breadcrumb\",\"itemListElement\":[{\"@type\":\"ListItem\",\"position\":1,\"name\":\"Startseite\",\"item\":\"https:\/\/hotel-zur-bruecke.com\/it\/\"},{\"@type\":\"ListItem\",\"position\":2,\"name\":\"Colophon\"}]},{\"@type\":\"WebSite\",\"@id\":\"https:\/\/hotel-zur-bruecke.com\/it\/#website\",\"url\":\"https:\/\/hotel-zur-bruecke.com\/it\/\",\"name\":\"Hotel zur Br\u00fccke\",\"description\":\"\",\"publisher\":{\"@id\":\"https:\/\/hotel-zur-bruecke.com\/it\/#organization\"},\"potentialAction\":[{\"@type\":\"SearchAction\",\"target\":{\"@type\":\"EntryPoint\",\"urlTemplate\":\"https:\/\/hotel-zur-bruecke.com\/it\/?s={search_term_string}\"},\"query-input\":\"required name=search_term_string\"}],\"inLanguage\":\"it-IT\"},{\"@type\":\"Organization\",\"@id\":\"https:\/\/hotel-zur-bruecke.com\/it\/#organization\",\"name\":\"Hotel zur Br\u00fccke\",\"url\":\"https:\/\/hotel-zur-bruecke.com\/it\/\",\"logo\":{\"@type\":\"ImageObject\",\"inLanguage\":\"it-IT\",\"@id\":\"https:\/\/hotel-zur-bruecke.com\/it\/#\/schema\/logo\/image\/\",\"url\":\"https:\/\/hotel-zur-bruecke.com\/wp-content\/uploads\/2024\/04\/Gruppe-70.svg\",\"contentUrl\":\"https:\/\/hotel-zur-bruecke.com\/wp-content\/uploads\/2024\/04\/Gruppe-70.svg\",\"width\":248,\"height\":89,\"caption\":\"Hotel zur Br\u00fccke\"},\"image\":{\"@id\":\"https:\/\/hotel-zur-bruecke.com\/it\/#\/schema\/logo\/image\/\"},\"sameAs\":[\"https:\/\/www.facebook.com\/photo\/?fbid=593451105857775&set=a.580404327162453\",\"https:\/\/www.instagram.com\/zurbruecke\/\"]}]}<\/script>\n<!-- \/ Yoast SEO plugin. -->","yoast_head_json":{"title":"Colophon - Hotel zur Br\u00fccke","description":"Colophon","robots":{"index":"noindex","follow":"follow"},"og_locale":"it_IT","og_type":"article","og_title":"Colophon - Hotel zur Br\u00fccke","og_description":"Colophon","og_url":"https:\/\/hotel-zur-bruecke.com\/it\/colophon\/","og_site_name":"Hotel zur Br\u00fccke","article_publisher":"https:\/\/www.facebook.com\/photo\/?fbid=593451105857775&set=a.580404327162453","article_modified_time":"2024-12-02T14:02:45+00:00","twitter_card":"summary_large_image","twitter_misc":{"Tempo di lettura stimato":"4 minuti"},"schema":{"@context":"https:\/\/schema.org","@graph":[{"@type":"WebPage","@id":"https:\/\/hotel-zur-bruecke.com\/it\/colophon\/","url":"https:\/\/hotel-zur-bruecke.com\/it\/colophon\/","name":"Colophon - Hotel zur Br\u00fccke","isPartOf":{"@id":"https:\/\/hotel-zur-bruecke.com\/it\/#website"},"datePublished":"2024-04-16T13:35:18+00:00","dateModified":"2024-12-02T14:02:45+00:00","description":"Colophon","breadcrumb":{"@id":"https:\/\/hotel-zur-bruecke.com\/it\/colophon\/#breadcrumb"},"inLanguage":"it-IT","potentialAction":[{"@type":"ReadAction","target":["https:\/\/hotel-zur-bruecke.com\/it\/colophon\/"]}]},{"@type":"BreadcrumbList","@id":"https:\/\/hotel-zur-bruecke.com\/it\/colophon\/#breadcrumb","itemListElement":[{"@type":"ListItem","position":1,"name":"Startseite","item":"https:\/\/hotel-zur-bruecke.com\/it\/"},{"@type":"ListItem","position":2,"name":"Colophon"}]},{"@type":"WebSite","@id":"https:\/\/hotel-zur-bruecke.com\/it\/#website","url":"https:\/\/hotel-zur-bruecke.com\/it\/","name":"Hotel zur Br\u00fccke","description":"","publisher":{"@id":"https:\/\/hotel-zur-bruecke.com\/it\/#organization"},"potentialAction":[{"@type":"SearchAction","target":{"@type":"EntryPoint","urlTemplate":"https:\/\/hotel-zur-bruecke.com\/it\/?s={search_term_string}"},"query-input":"required name=search_term_string"}],"inLanguage":"it-IT"},{"@type":"Organization","@id":"https:\/\/hotel-zur-bruecke.com\/it\/#organization","name":"Hotel zur Br\u00fccke","url":"https:\/\/hotel-zur-bruecke.com\/it\/","logo":{"@type":"ImageObject","inLanguage":"it-IT","@id":"https:\/\/hotel-zur-bruecke.com\/it\/#\/schema\/logo\/image\/","url":"https:\/\/hotel-zur-bruecke.com\/wp-content\/uploads\/2024\/04\/Gruppe-70.svg","contentUrl":"https:\/\/hotel-zur-bruecke.com\/wp-content\/uploads\/2024\/04\/Gruppe-70.svg","width":248,"height":89,"caption":"Hotel zur Br\u00fccke"},"image":{"@id":"https:\/\/hotel-zur-bruecke.com\/it\/#\/schema\/logo\/image\/"},"sameAs":["https:\/\/www.facebook.com\/photo\/?fbid=593451105857775&set=a.580404327162453","https:\/\/www.instagram.com\/zurbruecke\/"]}]}},"_links":{"self":[{"href":"https:\/\/hotel-zur-bruecke.com\/it\/wp-json\/wp\/v2\/pages\/3127"}],"collection":[{"href":"https:\/\/hotel-zur-bruecke.com\/it\/wp-json\/wp\/v2\/pages"}],"about":[{"href":"https:\/\/hotel-zur-bruecke.com\/it\/wp-json\/wp\/v2\/types\/page"}],"author":[{"embeddable":true,"href":"https:\/\/hotel-zur-bruecke.com\/it\/wp-json\/wp\/v2\/users\/1"}],"replies":[{"embeddable":true,"href":"https:\/\/hotel-zur-bruecke.com\/it\/wp-json\/wp\/v2\/comments?post=3127"}],"version-history":[{"count":7,"href":"https:\/\/hotel-zur-bruecke.com\/it\/wp-json\/wp\/v2\/pages\/3127\/revisions"}],"predecessor-version":[{"id":4133,"href":"https:\/\/hotel-zur-bruecke.com\/it\/wp-json\/wp\/v2\/pages\/3127\/revisions\/4133"}],"wp:attachment":[{"href":"https:\/\/hotel-zur-bruecke.com\/it\/wp-json\/wp\/v2\/media?parent=3127"}],"curies":[{"name":"wp","href":"https:\/\/api.w.org\/{rel}","templated":true}]}}