{"id":3102,"date":"2024-04-18T10:58:30","date_gmt":"2024-04-18T10:58:30","guid":{"rendered":"https:\/\/bruecke.muwit.net\/per-esploratori\/"},"modified":"2024-06-12T13:42:07","modified_gmt":"2024-06-12T13:42:07","slug":"per-esploratori","status":"publish","type":"page","link":"https:\/\/hotel-zur-bruecke.com\/it\/per-esploratori\/","title":{"rendered":"Per esploratori"},"content":{"rendered":"\t\t<div data-elementor-type=\"wp-page\" data-elementor-id=\"3102\" class=\"elementor elementor-3102 elementor-416\" data-elementor-post-type=\"page\">\n\t\t\t\t<div class=\"elementor-element elementor-element-7e5e9a55 e-con-full e-flex e-con e-parent\" data-id=\"7e5e9a55\" data-element_type=\"container\" data-settings=\"{&quot;background_background&quot;:&quot;classic&quot;}\">\n\t\t\t\t<div class=\"elementor-element elementor-element-8284e7 elementor--v-position-bottom elementor--h-position-center elementor-widget elementor-widget-slides\" data-id=\"8284e7\" data-element_type=\"widget\" data-settings=\"{&quot;navigation&quot;:&quot;none&quot;,&quot;autoplay&quot;:&quot;yes&quot;,&quot;pause_on_hover&quot;:&quot;yes&quot;,&quot;pause_on_interaction&quot;:&quot;yes&quot;,&quot;autoplay_speed&quot;:5000,&quot;infinite&quot;:&quot;yes&quot;,&quot;transition&quot;:&quot;slide&quot;,&quot;transition_speed&quot;:500}\" data-widget_type=\"slides.default\">\n\t\t\t\t<div class=\"elementor-widget-container\">\n\t\t\t<style>.elementor-slides .swiper-slide-bg{background-size:cover;background-position:50%;background-repeat:no-repeat;min-width:100%;min-height:100%}.elementor-slides .swiper-slide-inner{background-repeat:no-repeat;background-position:50%;position:absolute;top:0;left:0;bottom:0;right:0;padding:50px;margin:auto}.elementor-slides .swiper-slide-inner,.elementor-slides .swiper-slide-inner:hover{color:#fff;display:flex}.elementor-slides .swiper-slide-inner .elementor-background-overlay{position:absolute;z-index:0;top:0;bottom:0;left:0;right:0}.elementor-slides .swiper-slide-inner .elementor-slide-content{position:relative;z-index:1;width:100%}.elementor-slides .swiper-slide-inner .elementor-slide-heading{font-size:35px;font-weight:700;line-height:1}.elementor-slides .swiper-slide-inner .elementor-slide-description{font-size:17px;line-height:1.4}.elementor-slides .swiper-slide-inner .elementor-slide-description:not(:last-child),.elementor-slides .swiper-slide-inner .elementor-slide-heading:not(:last-child){margin-bottom:30px}.elementor-slides .swiper-slide-inner .elementor-slide-button{border:2px solid #fff;color:#fff;background:transparent;display:inline-block}.elementor-slides .swiper-slide-inner .elementor-slide-button,.elementor-slides .swiper-slide-inner .elementor-slide-button:hover{background:transparent;color:inherit;text-decoration:none}.elementor--v-position-top .swiper-slide-inner{align-items:flex-start}.elementor--v-position-bottom .swiper-slide-inner{align-items:flex-end}.elementor--v-position-middle .swiper-slide-inner{align-items:center}.elementor--h-position-left .swiper-slide-inner{justify-content:flex-start}.elementor--h-position-right .swiper-slide-inner{justify-content:flex-end}.elementor--h-position-center .swiper-slide-inner{justify-content:center}body.rtl .elementor-widget-slides .elementor-swiper-button-next{left:10px;right:auto}body.rtl .elementor-widget-slides .elementor-swiper-button-prev{right:10px;left:auto}.elementor-slides-wrapper div:not(.swiper-slide)>.swiper-slide-inner{display:none}@media (max-width:767px){.elementor-slides .swiper-slide-inner{padding:30px}.elementor-slides .swiper-slide-inner .elementor-slide-heading{font-size:23px;line-height:1;margin-bottom:15px}.elementor-slides .swiper-slide-inner .elementor-slide-description{font-size:13px;line-height:1.4;margin-bottom:15px}}<\/style>\t\t<div class=\"elementor-swiper\">\n\t\t\t<div class=\"elementor-slides-wrapper elementor-main-swiper swiper\" dir=\"ltr\" data-animation=\"\">\n\t\t\t\t<div class=\"swiper-wrapper elementor-slides\">\n\t\t\t\t\t\t\t\t\t\t<div class=\"elementor-repeater-item-d992a7a swiper-slide\"><div class=\"swiper-slide-bg elementor-ken-burns elementor-ken-burns--in\" role=\"img\"><\/div><div class=\"elementor-background-overlay\"><\/div><div class=\"swiper-slide-inner\" ><div class=\"swiper-slide-contents\"><div class=\"elementor-slide-description\"><p>  <img decoding=\"async\" src=\"https:\/\/hotel-zur-bruecke.com\/wp-content\/uploads\/2024\/06\/nuovo.png\" class=\"visible-above-767\"><\/p>\n<\/div><\/div><\/div><\/div>\t\t\t\t<\/div>\n\t\t\t\t\t\t\t<\/div>\n\t\t<\/div>\n\t\t\t\t<\/div>\n\t\t\t\t<\/div>\n\t\t\t\t<\/div>\n\t\t<div class=\"elementor-element elementor-element-933bf90 e-con-full blacklink e-flex e-con e-parent\" data-id=\"933bf90\" data-element_type=\"container\" data-settings=\"{&quot;background_background&quot;:&quot;classic&quot;}\">\n\t\t\t\t<div class=\"elementor-element elementor-element-70800f10 elementor-widget elementor-widget-heading\" data-id=\"70800f10\" data-element_type=\"widget\" data-widget_type=\"heading.default\">\n\t\t\t\t<div class=\"elementor-widget-container\">\n\t\t\t<style>\/*! elementor - v3.22.0 - 17-06-2024 *\/\n.elementor-heading-title{padding:0;margin:0;line-height:1}.elementor-widget-heading .elementor-heading-title[class*=elementor-size-]>a{color:inherit;font-size:inherit;line-height:inherit}.elementor-widget-heading .elementor-heading-title.elementor-size-small{font-size:15px}.elementor-widget-heading .elementor-heading-title.elementor-size-medium{font-size:19px}.elementor-widget-heading .elementor-heading-title.elementor-size-large{font-size:29px}.elementor-widget-heading .elementor-heading-title.elementor-size-xl{font-size:39px}.elementor-widget-heading .elementor-heading-title.elementor-size-xxl{font-size:59px}<\/style><h1 class=\"elementor-heading-title elementor-size-default\">Luoghi spettacolari in Alto Adige<\/h1>\t\t<\/div>\n\t\t\t\t<\/div>\n\t\t\t\t<div class=\"elementor-element elementor-element-4f116b93 elementor-widget elementor-widget-text-editor\" data-id=\"4f116b93\" data-element_type=\"widget\" data-widget_type=\"text-editor.default\">\n\t\t\t\t<div class=\"elementor-widget-container\">\n\t\t\t<style>\/*! elementor - v3.22.0 - 17-06-2024 *\/\n.elementor-widget-text-editor.elementor-drop-cap-view-stacked .elementor-drop-cap{background-color:#69727d;color:#fff}.elementor-widget-text-editor.elementor-drop-cap-view-framed .elementor-drop-cap{color:#69727d;border:3px solid;background-color:transparent}.elementor-widget-text-editor:not(.elementor-drop-cap-view-default) .elementor-drop-cap{margin-top:8px}.elementor-widget-text-editor:not(.elementor-drop-cap-view-default) .elementor-drop-cap-letter{width:1em;height:1em}.elementor-widget-text-editor .elementor-drop-cap{float:left;text-align:center;line-height:1;font-size:50px}.elementor-widget-text-editor .elementor-drop-cap-letter{display:inline-block}<\/style>\t\t\t\t<p>Sei sempre alla ricerca dello scatto perfetto? In Alto Adige lo troverai: uno scrigno ricco di tesori naturali e paesaggistici, pronti a essere immortalati da te. Dagli hotspot pi\u00f9 instagrammati \u2013 prime fra tutti le leggendarie vette delle Dolomiti come il Monte Seceda e il Gruppo delle Odle, ma anche il lago di Braies e la cappella di San Michele in Val di Funes \u2013 alle perle pi\u00f9 nascoste: dal nostro Hotel Zur Br\u00fccke raggiungerai in un attimo le destinazioni pi\u00f9 belle!<\/p>\n<p>Ecco la nostra classifica dei luoghi pi\u00f9 belli da fotografare in Alto Adige!<\/p>\n\t\t\t\t\t\t<\/div>\n\t\t\t\t<\/div>\n\t\t\t\t<\/div>\n\t\t<div class=\"elementor-element elementor-element-435a51f0 e-con-full e-flex e-con e-parent\" data-id=\"435a51f0\" data-element_type=\"container\" data-settings=\"{&quot;background_background&quot;:&quot;classic&quot;}\">\n\t\t\t\t<div class=\"elementor-element elementor-element-772b1333 elementor-widget elementor-widget-heading\" data-id=\"772b1333\" data-element_type=\"widget\" data-widget_type=\"heading.default\">\n\t\t\t\t<div class=\"elementor-widget-container\">\n\t\t\t<h2 class=\"elementor-heading-title elementor-size-default\">I 5 luoghi pi\u00f9 instagrammati dell\u2019Alto Adige<\/h2>\t\t<\/div>\n\t\t\t\t<\/div>\n\t\t\t\t<div class=\"elementor-element elementor-element-3402c21a elementor-arrows-position-inside elementor-widget elementor-widget-loop-carousel\" data-id=\"3402c21a\" data-element_type=\"widget\" data-settings=\"{&quot;template_id&quot;:3427,&quot;slides_to_show_mobile&quot;:&quot;2&quot;,&quot;_skin&quot;:&quot;post&quot;,&quot;slides_to_show&quot;:&quot;3&quot;,&quot;slides_to_show_widescreen&quot;:&quot;3&quot;,&quot;slides_to_show_laptop&quot;:&quot;3&quot;,&quot;slides_to_show_tablet_extra&quot;:&quot;3&quot;,&quot;slides_to_show_tablet&quot;:&quot;2&quot;,&quot;slides_to_show_mobile_extra&quot;:&quot;2&quot;,&quot;slides_to_scroll&quot;:&quot;1&quot;,&quot;edit_handle_selector&quot;:&quot;.elementor-widget-container&quot;,&quot;autoplay&quot;:&quot;yes&quot;,&quot;autoplay_speed&quot;:5000,&quot;pause_on_hover&quot;:&quot;yes&quot;,&quot;pause_on_interaction&quot;:&quot;yes&quot;,&quot;infinite&quot;:&quot;yes&quot;,&quot;speed&quot;:500,&quot;offset_sides&quot;:&quot;none&quot;,&quot;arrows&quot;:&quot;yes&quot;,&quot;image_spacing_custom&quot;:{&quot;unit&quot;:&quot;px&quot;,&quot;size&quot;:10,&quot;sizes&quot;:[]},&quot;image_spacing_custom_widescreen&quot;:{&quot;unit&quot;:&quot;px&quot;,&quot;size&quot;:&quot;&quot;,&quot;sizes&quot;:[]},&quot;image_spacing_custom_laptop&quot;:{&quot;unit&quot;:&quot;px&quot;,&quot;size&quot;:&quot;&quot;,&quot;sizes&quot;:[]},&quot;image_spacing_custom_tablet_extra&quot;:{&quot;unit&quot;:&quot;px&quot;,&quot;size&quot;:&quot;&quot;,&quot;sizes&quot;:[]},&quot;image_spacing_custom_tablet&quot;:{&quot;unit&quot;:&quot;px&quot;,&quot;size&quot;:&quot;&quot;,&quot;sizes&quot;:[]},&quot;image_spacing_custom_mobile_extra&quot;:{&quot;unit&quot;:&quot;px&quot;,&quot;size&quot;:&quot;&quot;,&quot;sizes&quot;:[]},&quot;image_spacing_custom_mobile&quot;:{&quot;unit&quot;:&quot;px&quot;,&quot;size&quot;:&quot;&quot;,&quot;sizes&quot;:[]}}\" data-widget_type=\"loop-carousel.post\">\n\t\t\t\t<div class=\"elementor-widget-container\">\n\t\t\t<link rel=\"stylesheet\" href=\"https:\/\/hotel-zur-bruecke.com\/wp-content\/plugins\/elementor-pro\/assets\/css\/widget-loop-builder.min.css\">\t\t<div class=\"e-loop-nothing-found-message\">\n\t\t<\/div>\n\t\t\t\t<\/div>\n\t\t\t\t<\/div>\n\t\t\t\t<\/div>\n\t\t<div class=\"elementor-element elementor-element-b8e6e01 e-con-full e-flex e-con e-parent\" data-id=\"b8e6e01\" data-element_type=\"container\" data-settings=\"{&quot;background_background&quot;:&quot;classic&quot;}\">\n\t\t\t\t<div class=\"elementor-element elementor-element-375217eb elementor-widget elementor-widget-heading\" data-id=\"375217eb\" data-element_type=\"widget\" data-widget_type=\"heading.default\">\n\t\t\t\t<div class=\"elementor-widget-container\">\n\t\t\t<h2 class=\"elementor-heading-title elementor-size-default\">5 esperienze da non perdere<\/h2>\t\t<\/div>\n\t\t\t\t<\/div>\n\t\t\t\t<div class=\"elementor-element elementor-element-513a0394 elementor-arrows-position-inside elementor-widget elementor-widget-loop-carousel\" data-id=\"513a0394\" data-element_type=\"widget\" data-settings=\"{&quot;template_id&quot;:3423,&quot;slides_to_show_mobile&quot;:&quot;2&quot;,&quot;_skin&quot;:&quot;post&quot;,&quot;slides_to_show&quot;:&quot;3&quot;,&quot;slides_to_show_widescreen&quot;:&quot;3&quot;,&quot;slides_to_show_laptop&quot;:&quot;3&quot;,&quot;slides_to_show_tablet_extra&quot;:&quot;3&quot;,&quot;slides_to_show_tablet&quot;:&quot;2&quot;,&quot;slides_to_show_mobile_extra&quot;:&quot;2&quot;,&quot;slides_to_scroll&quot;:&quot;1&quot;,&quot;edit_handle_selector&quot;:&quot;.elementor-widget-container&quot;,&quot;autoplay&quot;:&quot;yes&quot;,&quot;autoplay_speed&quot;:5000,&quot;pause_on_hover&quot;:&quot;yes&quot;,&quot;pause_on_interaction&quot;:&quot;yes&quot;,&quot;infinite&quot;:&quot;yes&quot;,&quot;speed&quot;:500,&quot;offset_sides&quot;:&quot;none&quot;,&quot;arrows&quot;:&quot;yes&quot;,&quot;image_spacing_custom&quot;:{&quot;unit&quot;:&quot;px&quot;,&quot;size&quot;:10,&quot;sizes&quot;:[]},&quot;image_spacing_custom_widescreen&quot;:{&quot;unit&quot;:&quot;px&quot;,&quot;size&quot;:&quot;&quot;,&quot;sizes&quot;:[]},&quot;image_spacing_custom_laptop&quot;:{&quot;unit&quot;:&quot;px&quot;,&quot;size&quot;:&quot;&quot;,&quot;sizes&quot;:[]},&quot;image_spacing_custom_tablet_extra&quot;:{&quot;unit&quot;:&quot;px&quot;,&quot;size&quot;:&quot;&quot;,&quot;sizes&quot;:[]},&quot;image_spacing_custom_tablet&quot;:{&quot;unit&quot;:&quot;px&quot;,&quot;size&quot;:&quot;&quot;,&quot;sizes&quot;:[]},&quot;image_spacing_custom_mobile_extra&quot;:{&quot;unit&quot;:&quot;px&quot;,&quot;size&quot;:&quot;&quot;,&quot;sizes&quot;:[]},&quot;image_spacing_custom_mobile&quot;:{&quot;unit&quot;:&quot;px&quot;,&quot;size&quot;:&quot;&quot;,&quot;sizes&quot;:[]}}\" data-widget_type=\"loop-carousel.post\">\n\t\t\t\t<div class=\"elementor-widget-container\">\n\t\t\t\t\t<div class=\"e-loop-nothing-found-message\">\n\t\t<\/div>\n\t\t\t\t<\/div>\n\t\t\t\t<\/div>\n\t\t\t\t<\/div>\n\t\t\t\t<\/div>\n\t\t","protected":false},"excerpt":{"rendered":"<p>Luoghi spettacolari in Alto Adige Sei sempre alla ricerca dello scatto perfetto? In Alto Adige lo troverai: uno scrigno ricco di tesori naturali e paesaggistici, pronti a essere immortalati da te. Dagli hotspot pi\u00f9 instagrammati \u2013 prime fra tutti le leggendarie vette delle Dolomiti come il Monte Seceda e il Gruppo delle Odle, ma anche [&hellip;]<\/p>\n","protected":false},"author":1,"featured_media":0,"parent":0,"menu_order":0,"comment_status":"closed","ping_status":"closed","template":"","meta":{"_acf_changed":false,"footnotes":""},"acf":[],"yoast_head":"<!-- This site is optimized with the Yoast SEO plugin v22.9 - https:\/\/yoast.com\/wordpress\/plugins\/seo\/ -->\n<title>Valle Isarco? Il cuore della tua vacanza nelle Dolomiti!<\/title>\n<meta name=\"description\" content=\"Panorami instagrammabili o perle nascoste? Qui da noi sei a un passo dall\u2019avventura, qualunque sia la tua passione!\" \/>\n<meta name=\"robots\" content=\"index, follow, max-snippet:-1, max-image-preview:large, max-video-preview:-1\" \/>\n<link rel=\"canonical\" href=\"https:\/\/hotel-zur-bruecke.com\/it\/per-esploratori\/\" \/>\n<meta property=\"og:locale\" content=\"it_IT\" \/>\n<meta property=\"og:type\" content=\"article\" \/>\n<meta property=\"og:title\" content=\"Valle Isarco? Il cuore della tua vacanza nelle Dolomiti!\" \/>\n<meta property=\"og:description\" content=\"Panorami instagrammabili o perle nascoste? Qui da noi sei a un passo dall\u2019avventura, qualunque sia la tua passione!\" \/>\n<meta property=\"og:url\" content=\"https:\/\/hotel-zur-bruecke.com\/it\/per-esploratori\/\" \/>\n<meta property=\"og:site_name\" content=\"Hotel zur Br\u00fccke\" \/>\n<meta property=\"article:publisher\" content=\"https:\/\/www.facebook.com\/photo\/?fbid=593451105857775&amp;set=a.580404327162453\" \/>\n<meta property=\"article:modified_time\" content=\"2024-06-12T13:42:07+00:00\" \/>\n<meta property=\"og:image\" content=\"https:\/\/hotel-zur-bruecke.com\/wp-content\/uploads\/2024\/06\/nuovo.png\" \/>\n<meta name=\"twitter:card\" content=\"summary_large_image\" \/>\n<meta name=\"twitter:label1\" content=\"Tempo di lettura stimato\" \/>\n\t<meta name=\"twitter:data1\" content=\"1 minuto\" \/>\n<script type=\"application\/ld+json\" class=\"yoast-schema-graph\">{\"@context\":\"https:\/\/schema.org\",\"@graph\":[{\"@type\":\"WebPage\",\"@id\":\"https:\/\/hotel-zur-bruecke.com\/it\/per-esploratori\/\",\"url\":\"https:\/\/hotel-zur-bruecke.com\/it\/per-esploratori\/\",\"name\":\"Valle Isarco? Il cuore della tua vacanza nelle Dolomiti!\",\"isPartOf\":{\"@id\":\"https:\/\/hotel-zur-bruecke.com\/it\/#website\"},\"primaryImageOfPage\":{\"@id\":\"https:\/\/hotel-zur-bruecke.com\/it\/per-esploratori\/#primaryimage\"},\"image\":{\"@id\":\"https:\/\/hotel-zur-bruecke.com\/it\/per-esploratori\/#primaryimage\"},\"thumbnailUrl\":\"https:\/\/hotel-zur-bruecke.com\/wp-content\/uploads\/2024\/06\/nuovo.png\",\"datePublished\":\"2024-04-18T10:58:30+00:00\",\"dateModified\":\"2024-06-12T13:42:07+00:00\",\"description\":\"Panorami instagrammabili o perle nascoste? Qui da noi sei a un passo dall\u2019avventura, qualunque sia la tua passione!\",\"breadcrumb\":{\"@id\":\"https:\/\/hotel-zur-bruecke.com\/it\/per-esploratori\/#breadcrumb\"},\"inLanguage\":\"it-IT\",\"potentialAction\":[{\"@type\":\"ReadAction\",\"target\":[\"https:\/\/hotel-zur-bruecke.com\/it\/per-esploratori\/\"]}]},{\"@type\":\"ImageObject\",\"inLanguage\":\"it-IT\",\"@id\":\"https:\/\/hotel-zur-bruecke.com\/it\/per-esploratori\/#primaryimage\",\"url\":\"https:\/\/hotel-zur-bruecke.com\/wp-content\/uploads\/2024\/06\/nuovo.png\",\"contentUrl\":\"https:\/\/hotel-zur-bruecke.com\/wp-content\/uploads\/2024\/06\/nuovo.png\"},{\"@type\":\"BreadcrumbList\",\"@id\":\"https:\/\/hotel-zur-bruecke.com\/it\/per-esploratori\/#breadcrumb\",\"itemListElement\":[{\"@type\":\"ListItem\",\"position\":1,\"name\":\"Startseite\",\"item\":\"https:\/\/hotel-zur-bruecke.com\/it\/\"},{\"@type\":\"ListItem\",\"position\":2,\"name\":\"Per esploratori\"}]},{\"@type\":\"WebSite\",\"@id\":\"https:\/\/hotel-zur-bruecke.com\/it\/#website\",\"url\":\"https:\/\/hotel-zur-bruecke.com\/it\/\",\"name\":\"Hotel zur Br\u00fccke\",\"description\":\"\",\"publisher\":{\"@id\":\"https:\/\/hotel-zur-bruecke.com\/it\/#organization\"},\"potentialAction\":[{\"@type\":\"SearchAction\",\"target\":{\"@type\":\"EntryPoint\",\"urlTemplate\":\"https:\/\/hotel-zur-bruecke.com\/it\/?s={search_term_string}\"},\"query-input\":\"required name=search_term_string\"}],\"inLanguage\":\"it-IT\"},{\"@type\":\"Organization\",\"@id\":\"https:\/\/hotel-zur-bruecke.com\/it\/#organization\",\"name\":\"Hotel zur Br\u00fccke\",\"url\":\"https:\/\/hotel-zur-bruecke.com\/it\/\",\"logo\":{\"@type\":\"ImageObject\",\"inLanguage\":\"it-IT\",\"@id\":\"https:\/\/hotel-zur-bruecke.com\/it\/#\/schema\/logo\/image\/\",\"url\":\"https:\/\/hotel-zur-bruecke.com\/wp-content\/uploads\/2024\/04\/Gruppe-70.svg\",\"contentUrl\":\"https:\/\/hotel-zur-bruecke.com\/wp-content\/uploads\/2024\/04\/Gruppe-70.svg\",\"width\":248,\"height\":89,\"caption\":\"Hotel zur Br\u00fccke\"},\"image\":{\"@id\":\"https:\/\/hotel-zur-bruecke.com\/it\/#\/schema\/logo\/image\/\"},\"sameAs\":[\"https:\/\/www.facebook.com\/photo\/?fbid=593451105857775&set=a.580404327162453\",\"https:\/\/www.instagram.com\/zurbruecke\/\"]}]}<\/script>\n<!-- \/ Yoast SEO plugin. -->","yoast_head_json":{"title":"Valle Isarco? Il cuore della tua vacanza nelle Dolomiti!","description":"Panorami instagrammabili o perle nascoste? Qui da noi sei a un passo dall\u2019avventura, qualunque sia la tua passione!","robots":{"index":"index","follow":"follow","max-snippet":"max-snippet:-1","max-image-preview":"max-image-preview:large","max-video-preview":"max-video-preview:-1"},"canonical":"https:\/\/hotel-zur-bruecke.com\/it\/per-esploratori\/","og_locale":"it_IT","og_type":"article","og_title":"Valle Isarco? Il cuore della tua vacanza nelle Dolomiti!","og_description":"Panorami instagrammabili o perle nascoste? Qui da noi sei a un passo dall\u2019avventura, qualunque sia la tua passione!","og_url":"https:\/\/hotel-zur-bruecke.com\/it\/per-esploratori\/","og_site_name":"Hotel zur Br\u00fccke","article_publisher":"https:\/\/www.facebook.com\/photo\/?fbid=593451105857775&set=a.580404327162453","article_modified_time":"2024-06-12T13:42:07+00:00","og_image":[{"url":"https:\/\/hotel-zur-bruecke.com\/wp-content\/uploads\/2024\/06\/nuovo.png"}],"twitter_card":"summary_large_image","twitter_misc":{"Tempo di lettura stimato":"1 minuto"},"schema":{"@context":"https:\/\/schema.org","@graph":[{"@type":"WebPage","@id":"https:\/\/hotel-zur-bruecke.com\/it\/per-esploratori\/","url":"https:\/\/hotel-zur-bruecke.com\/it\/per-esploratori\/","name":"Valle Isarco? Il cuore della tua vacanza nelle Dolomiti!","isPartOf":{"@id":"https:\/\/hotel-zur-bruecke.com\/it\/#website"},"primaryImageOfPage":{"@id":"https:\/\/hotel-zur-bruecke.com\/it\/per-esploratori\/#primaryimage"},"image":{"@id":"https:\/\/hotel-zur-bruecke.com\/it\/per-esploratori\/#primaryimage"},"thumbnailUrl":"https:\/\/hotel-zur-bruecke.com\/wp-content\/uploads\/2024\/06\/nuovo.png","datePublished":"2024-04-18T10:58:30+00:00","dateModified":"2024-06-12T13:42:07+00:00","description":"Panorami instagrammabili o perle nascoste? Qui da noi sei a un passo dall\u2019avventura, qualunque sia la tua passione!","breadcrumb":{"@id":"https:\/\/hotel-zur-bruecke.com\/it\/per-esploratori\/#breadcrumb"},"inLanguage":"it-IT","potentialAction":[{"@type":"ReadAction","target":["https:\/\/hotel-zur-bruecke.com\/it\/per-esploratori\/"]}]},{"@type":"ImageObject","inLanguage":"it-IT","@id":"https:\/\/hotel-zur-bruecke.com\/it\/per-esploratori\/#primaryimage","url":"https:\/\/hotel-zur-bruecke.com\/wp-content\/uploads\/2024\/06\/nuovo.png","contentUrl":"https:\/\/hotel-zur-bruecke.com\/wp-content\/uploads\/2024\/06\/nuovo.png"},{"@type":"BreadcrumbList","@id":"https:\/\/hotel-zur-bruecke.com\/it\/per-esploratori\/#breadcrumb","itemListElement":[{"@type":"ListItem","position":1,"name":"Startseite","item":"https:\/\/hotel-zur-bruecke.com\/it\/"},{"@type":"ListItem","position":2,"name":"Per esploratori"}]},{"@type":"WebSite","@id":"https:\/\/hotel-zur-bruecke.com\/it\/#website","url":"https:\/\/hotel-zur-bruecke.com\/it\/","name":"Hotel zur Br\u00fccke","description":"","publisher":{"@id":"https:\/\/hotel-zur-bruecke.com\/it\/#organization"},"potentialAction":[{"@type":"SearchAction","target":{"@type":"EntryPoint","urlTemplate":"https:\/\/hotel-zur-bruecke.com\/it\/?s={search_term_string}"},"query-input":"required name=search_term_string"}],"inLanguage":"it-IT"},{"@type":"Organization","@id":"https:\/\/hotel-zur-bruecke.com\/it\/#organization","name":"Hotel zur Br\u00fccke","url":"https:\/\/hotel-zur-bruecke.com\/it\/","logo":{"@type":"ImageObject","inLanguage":"it-IT","@id":"https:\/\/hotel-zur-bruecke.com\/it\/#\/schema\/logo\/image\/","url":"https:\/\/hotel-zur-bruecke.com\/wp-content\/uploads\/2024\/04\/Gruppe-70.svg","contentUrl":"https:\/\/hotel-zur-bruecke.com\/wp-content\/uploads\/2024\/04\/Gruppe-70.svg","width":248,"height":89,"caption":"Hotel zur Br\u00fccke"},"image":{"@id":"https:\/\/hotel-zur-bruecke.com\/it\/#\/schema\/logo\/image\/"},"sameAs":["https:\/\/www.facebook.com\/photo\/?fbid=593451105857775&set=a.580404327162453","https:\/\/www.instagram.com\/zurbruecke\/"]}]}},"_links":{"self":[{"href":"https:\/\/hotel-zur-bruecke.com\/it\/wp-json\/wp\/v2\/pages\/3102"}],"collection":[{"href":"https:\/\/hotel-zur-bruecke.com\/it\/wp-json\/wp\/v2\/pages"}],"about":[{"href":"https:\/\/hotel-zur-bruecke.com\/it\/wp-json\/wp\/v2\/types\/page"}],"author":[{"embeddable":true,"href":"https:\/\/hotel-zur-bruecke.com\/it\/wp-json\/wp\/v2\/users\/1"}],"replies":[{"embeddable":true,"href":"https:\/\/hotel-zur-bruecke.com\/it\/wp-json\/wp\/v2\/comments?post=3102"}],"version-history":[{"count":1,"href":"https:\/\/hotel-zur-bruecke.com\/it\/wp-json\/wp\/v2\/pages\/3102\/revisions"}],"predecessor-version":[{"id":3103,"href":"https:\/\/hotel-zur-bruecke.com\/it\/wp-json\/wp\/v2\/pages\/3102\/revisions\/3103"}],"wp:attachment":[{"href":"https:\/\/hotel-zur-bruecke.com\/it\/wp-json\/wp\/v2\/media?parent=3102"}],"curies":[{"name":"wp","href":"https:\/\/api.w.org\/{rel}","templated":true}]}}