{"id":3096,"date":"2024-04-18T11:02:36","date_gmt":"2024-04-18T11:02:36","guid":{"rendered":"https:\/\/bruecke.muwit.net\/per-motociclisti\/"},"modified":"2024-06-12T13:25:58","modified_gmt":"2024-06-12T13:25:58","slug":"per-motociclisti","status":"publish","type":"page","link":"https:\/\/hotel-zur-bruecke.com\/it\/per-motociclisti\/","title":{"rendered":"Per motociclisti"},"content":{"rendered":"\t\t<div data-elementor-type=\"wp-page\" data-elementor-id=\"3096\" class=\"elementor elementor-3096 elementor-422\" data-elementor-post-type=\"page\">\n\t\t\t\t<div class=\"elementor-element elementor-element-4a1278a e-con-full e-flex e-con e-parent\" data-id=\"4a1278a\" data-element_type=\"container\" data-settings=\"{&quot;background_background&quot;:&quot;classic&quot;}\">\n\t\t\t\t<div class=\"elementor-element elementor-element-65e41b4d elementor--v-position-bottom elementor--h-position-center elementor-widget elementor-widget-slides\" data-id=\"65e41b4d\" data-element_type=\"widget\" data-settings=\"{&quot;navigation&quot;:&quot;none&quot;,&quot;autoplay&quot;:&quot;yes&quot;,&quot;pause_on_hover&quot;:&quot;yes&quot;,&quot;pause_on_interaction&quot;:&quot;yes&quot;,&quot;autoplay_speed&quot;:5000,&quot;infinite&quot;:&quot;yes&quot;,&quot;transition&quot;:&quot;slide&quot;,&quot;transition_speed&quot;:500}\" data-widget_type=\"slides.default\">\n\t\t\t\t<div class=\"elementor-widget-container\">\n\t\t\t<style>.elementor-slides .swiper-slide-bg{background-size:cover;background-position:50%;background-repeat:no-repeat;min-width:100%;min-height:100%}.elementor-slides .swiper-slide-inner{background-repeat:no-repeat;background-position:50%;position:absolute;top:0;left:0;bottom:0;right:0;padding:50px;margin:auto}.elementor-slides .swiper-slide-inner,.elementor-slides .swiper-slide-inner:hover{color:#fff;display:flex}.elementor-slides .swiper-slide-inner .elementor-background-overlay{position:absolute;z-index:0;top:0;bottom:0;left:0;right:0}.elementor-slides .swiper-slide-inner .elementor-slide-content{position:relative;z-index:1;width:100%}.elementor-slides .swiper-slide-inner .elementor-slide-heading{font-size:35px;font-weight:700;line-height:1}.elementor-slides .swiper-slide-inner .elementor-slide-description{font-size:17px;line-height:1.4}.elementor-slides .swiper-slide-inner .elementor-slide-description:not(:last-child),.elementor-slides .swiper-slide-inner .elementor-slide-heading:not(:last-child){margin-bottom:30px}.elementor-slides .swiper-slide-inner .elementor-slide-button{border:2px solid #fff;color:#fff;background:transparent;display:inline-block}.elementor-slides .swiper-slide-inner .elementor-slide-button,.elementor-slides .swiper-slide-inner .elementor-slide-button:hover{background:transparent;color:inherit;text-decoration:none}.elementor--v-position-top .swiper-slide-inner{align-items:flex-start}.elementor--v-position-bottom .swiper-slide-inner{align-items:flex-end}.elementor--v-position-middle .swiper-slide-inner{align-items:center}.elementor--h-position-left .swiper-slide-inner{justify-content:flex-start}.elementor--h-position-right .swiper-slide-inner{justify-content:flex-end}.elementor--h-position-center .swiper-slide-inner{justify-content:center}body.rtl .elementor-widget-slides .elementor-swiper-button-next{left:10px;right:auto}body.rtl .elementor-widget-slides .elementor-swiper-button-prev{right:10px;left:auto}.elementor-slides-wrapper div:not(.swiper-slide)>.swiper-slide-inner{display:none}@media (max-width:767px){.elementor-slides .swiper-slide-inner{padding:30px}.elementor-slides .swiper-slide-inner .elementor-slide-heading{font-size:23px;line-height:1;margin-bottom:15px}.elementor-slides .swiper-slide-inner .elementor-slide-description{font-size:13px;line-height:1.4;margin-bottom:15px}}<\/style>\t\t<div class=\"elementor-swiper\">\n\t\t\t<div class=\"elementor-slides-wrapper elementor-main-swiper swiper\" dir=\"ltr\" data-animation=\"\">\n\t\t\t\t<div class=\"swiper-wrapper elementor-slides\">\n\t\t\t\t\t\t\t\t\t\t<div class=\"elementor-repeater-item-d992a7a swiper-slide\"><div class=\"swiper-slide-bg elementor-ken-burns elementor-ken-burns--in\" role=\"img\"><\/div><div class=\"elementor-background-overlay\"><\/div><div class=\"swiper-slide-inner\" ><div class=\"swiper-slide-contents\"><div class=\"elementor-slide-description\"><p>  <img decoding=\"async\" src=\"https:\/\/hotel-zur-bruecke.com\/wp-content\/uploads\/2024\/06\/nuovo.png\" class=\"visible-above-767\"><\/p>\n<\/div><\/div><\/div><\/div>\t\t\t\t<\/div>\n\t\t\t\t\t\t\t<\/div>\n\t\t<\/div>\n\t\t\t\t<\/div>\n\t\t\t\t<\/div>\n\t\t\t\t<\/div>\n\t\t<div class=\"elementor-element elementor-element-55ed62fd e-con-full blacklink e-flex e-con e-parent\" data-id=\"55ed62fd\" data-element_type=\"container\" data-settings=\"{&quot;background_background&quot;:&quot;classic&quot;}\">\n\t\t\t\t<div class=\"elementor-element elementor-element-67e97e68 elementor-widget elementor-widget-heading\" data-id=\"67e97e68\" data-element_type=\"widget\" data-widget_type=\"heading.default\">\n\t\t\t\t<div class=\"elementor-widget-container\">\n\t\t\t<style>\/*! elementor - v3.22.0 - 17-06-2024 *\/\n.elementor-heading-title{padding:0;margin:0;line-height:1}.elementor-widget-heading .elementor-heading-title[class*=elementor-size-]>a{color:inherit;font-size:inherit;line-height:inherit}.elementor-widget-heading .elementor-heading-title.elementor-size-small{font-size:15px}.elementor-widget-heading .elementor-heading-title.elementor-size-medium{font-size:19px}.elementor-widget-heading .elementor-heading-title.elementor-size-large{font-size:29px}.elementor-widget-heading .elementor-heading-title.elementor-size-xl{font-size:39px}.elementor-widget-heading .elementor-heading-title.elementor-size-xxl{font-size:59px}<\/style><h1 class=\"elementor-heading-title elementor-size-default\">Il motociclismo in Alto Adige \u00e8 meraviglioso<\/h1>\t\t<\/div>\n\t\t\t\t<\/div>\n\t\t\t\t<div class=\"elementor-element elementor-element-3b76dbef elementor-widget elementor-widget-text-editor\" data-id=\"3b76dbef\" data-element_type=\"widget\" data-widget_type=\"text-editor.default\">\n\t\t\t\t<div class=\"elementor-widget-container\">\n\t\t\t<style>\/*! elementor - v3.22.0 - 17-06-2024 *\/\n.elementor-widget-text-editor.elementor-drop-cap-view-stacked .elementor-drop-cap{background-color:#69727d;color:#fff}.elementor-widget-text-editor.elementor-drop-cap-view-framed .elementor-drop-cap{color:#69727d;border:3px solid;background-color:transparent}.elementor-widget-text-editor:not(.elementor-drop-cap-view-default) .elementor-drop-cap{margin-top:8px}.elementor-widget-text-editor:not(.elementor-drop-cap-view-default) .elementor-drop-cap-letter{width:1em;height:1em}.elementor-widget-text-editor .elementor-drop-cap{float:left;text-align:center;line-height:1;font-size:50px}.elementor-widget-text-editor .elementor-drop-cap-letter{display:inline-block}<\/style>\t\t\t\t<p>Klaus, giovane padrone di casa e motociclista appassionato, ne \u00e8 convinto: il suo Alto Adige \u00e8 un paradiso per chi cerca emozioni in sella davanti a panorami ineguagliabili, sfrecciando su sinuosi tornanti alla conquista dei pi\u00f9 bei passi montani&#8230; e non solo. Partendo dal nostro hotel raggiungerai facilmente (e in giornata) le mete e i tour pi\u00f9 emozionanti, per vivere la libert\u00e0 in sella&#8230; anche senza bagagli!<\/p>\n<p>Ecco i Big 5 consigliati da Klaus per le tue gite in moto!<\/p>\n\t\t\t\t\t\t<\/div>\n\t\t\t\t<\/div>\n\t\t\t\t<\/div>\n\t\t<div class=\"elementor-element elementor-element-ddd9532 e-con-full e-flex e-con e-parent\" data-id=\"ddd9532\" data-element_type=\"container\" data-settings=\"{&quot;background_background&quot;:&quot;classic&quot;}\">\n\t\t\t\t<div class=\"elementor-element elementor-element-2eb58054 elementor-widget elementor-widget-heading\" data-id=\"2eb58054\" data-element_type=\"widget\" data-widget_type=\"heading.default\">\n\t\t\t\t<div class=\"elementor-widget-container\">\n\t\t\t<h2 class=\"elementor-heading-title elementor-size-default\">I 5 passi montani pi\u00f9 belli<\/h2>\t\t<\/div>\n\t\t\t\t<\/div>\n\t\t\t\t<div class=\"elementor-element elementor-element-5bc56dff elementor-arrows-position-inside elementor-widget elementor-widget-loop-carousel\" data-id=\"5bc56dff\" data-element_type=\"widget\" data-settings=\"{&quot;template_id&quot;:3427,&quot;slides_to_show_mobile&quot;:&quot;2&quot;,&quot;_skin&quot;:&quot;post&quot;,&quot;slides_to_show&quot;:&quot;3&quot;,&quot;slides_to_show_widescreen&quot;:&quot;3&quot;,&quot;slides_to_show_laptop&quot;:&quot;3&quot;,&quot;slides_to_show_tablet_extra&quot;:&quot;3&quot;,&quot;slides_to_show_tablet&quot;:&quot;2&quot;,&quot;slides_to_show_mobile_extra&quot;:&quot;2&quot;,&quot;slides_to_scroll&quot;:&quot;1&quot;,&quot;edit_handle_selector&quot;:&quot;.elementor-widget-container&quot;,&quot;autoplay&quot;:&quot;yes&quot;,&quot;autoplay_speed&quot;:5000,&quot;pause_on_hover&quot;:&quot;yes&quot;,&quot;pause_on_interaction&quot;:&quot;yes&quot;,&quot;infinite&quot;:&quot;yes&quot;,&quot;speed&quot;:500,&quot;offset_sides&quot;:&quot;none&quot;,&quot;arrows&quot;:&quot;yes&quot;,&quot;image_spacing_custom&quot;:{&quot;unit&quot;:&quot;px&quot;,&quot;size&quot;:10,&quot;sizes&quot;:[]},&quot;image_spacing_custom_widescreen&quot;:{&quot;unit&quot;:&quot;px&quot;,&quot;size&quot;:&quot;&quot;,&quot;sizes&quot;:[]},&quot;image_spacing_custom_laptop&quot;:{&quot;unit&quot;:&quot;px&quot;,&quot;size&quot;:&quot;&quot;,&quot;sizes&quot;:[]},&quot;image_spacing_custom_tablet_extra&quot;:{&quot;unit&quot;:&quot;px&quot;,&quot;size&quot;:&quot;&quot;,&quot;sizes&quot;:[]},&quot;image_spacing_custom_tablet&quot;:{&quot;unit&quot;:&quot;px&quot;,&quot;size&quot;:&quot;&quot;,&quot;sizes&quot;:[]},&quot;image_spacing_custom_mobile_extra&quot;:{&quot;unit&quot;:&quot;px&quot;,&quot;size&quot;:&quot;&quot;,&quot;sizes&quot;:[]},&quot;image_spacing_custom_mobile&quot;:{&quot;unit&quot;:&quot;px&quot;,&quot;size&quot;:&quot;&quot;,&quot;sizes&quot;:[]}}\" data-widget_type=\"loop-carousel.post\">\n\t\t\t\t<div class=\"elementor-widget-container\">\n\t\t\t<link rel=\"stylesheet\" href=\"https:\/\/hotel-zur-bruecke.com\/wp-content\/plugins\/elementor-pro\/assets\/css\/widget-loop-builder.min.css\">\t\t<div class=\"e-loop-nothing-found-message\">\n\t\t<\/div>\n\t\t\t\t<\/div>\n\t\t\t\t<\/div>\n\t\t\t\t<\/div>\n\t\t<div class=\"elementor-element elementor-element-32e86581 e-con-full e-flex e-con e-parent\" data-id=\"32e86581\" data-element_type=\"container\" data-settings=\"{&quot;background_background&quot;:&quot;classic&quot;}\">\n\t\t\t\t<div class=\"elementor-element elementor-element-49bb0c06 elementor-widget elementor-widget-heading\" data-id=\"49bb0c06\" data-element_type=\"widget\" data-widget_type=\"heading.default\">\n\t\t\t\t<div class=\"elementor-widget-container\">\n\t\t\t<h2 class=\"elementor-heading-title elementor-size-default\">Le 5 pi\u00f9 belle gite da fare in giornata<\/h2>\t\t<\/div>\n\t\t\t\t<\/div>\n\t\t\t\t<div class=\"elementor-element elementor-element-2c119dcc elementor-arrows-position-inside elementor-widget elementor-widget-loop-carousel\" data-id=\"2c119dcc\" data-element_type=\"widget\" data-settings=\"{&quot;template_id&quot;:3423,&quot;slides_to_show_mobile&quot;:&quot;2&quot;,&quot;_skin&quot;:&quot;post&quot;,&quot;slides_to_show&quot;:&quot;3&quot;,&quot;slides_to_show_widescreen&quot;:&quot;3&quot;,&quot;slides_to_show_laptop&quot;:&quot;3&quot;,&quot;slides_to_show_tablet_extra&quot;:&quot;3&quot;,&quot;slides_to_show_tablet&quot;:&quot;2&quot;,&quot;slides_to_show_mobile_extra&quot;:&quot;2&quot;,&quot;slides_to_scroll&quot;:&quot;1&quot;,&quot;edit_handle_selector&quot;:&quot;.elementor-widget-container&quot;,&quot;autoplay&quot;:&quot;yes&quot;,&quot;autoplay_speed&quot;:5000,&quot;pause_on_hover&quot;:&quot;yes&quot;,&quot;pause_on_interaction&quot;:&quot;yes&quot;,&quot;infinite&quot;:&quot;yes&quot;,&quot;speed&quot;:500,&quot;offset_sides&quot;:&quot;none&quot;,&quot;arrows&quot;:&quot;yes&quot;,&quot;image_spacing_custom&quot;:{&quot;unit&quot;:&quot;px&quot;,&quot;size&quot;:10,&quot;sizes&quot;:[]},&quot;image_spacing_custom_widescreen&quot;:{&quot;unit&quot;:&quot;px&quot;,&quot;size&quot;:&quot;&quot;,&quot;sizes&quot;:[]},&quot;image_spacing_custom_laptop&quot;:{&quot;unit&quot;:&quot;px&quot;,&quot;size&quot;:&quot;&quot;,&quot;sizes&quot;:[]},&quot;image_spacing_custom_tablet_extra&quot;:{&quot;unit&quot;:&quot;px&quot;,&quot;size&quot;:&quot;&quot;,&quot;sizes&quot;:[]},&quot;image_spacing_custom_tablet&quot;:{&quot;unit&quot;:&quot;px&quot;,&quot;size&quot;:&quot;&quot;,&quot;sizes&quot;:[]},&quot;image_spacing_custom_mobile_extra&quot;:{&quot;unit&quot;:&quot;px&quot;,&quot;size&quot;:&quot;&quot;,&quot;sizes&quot;:[]},&quot;image_spacing_custom_mobile&quot;:{&quot;unit&quot;:&quot;px&quot;,&quot;size&quot;:&quot;&quot;,&quot;sizes&quot;:[]}}\" data-widget_type=\"loop-carousel.post\">\n\t\t\t\t<div class=\"elementor-widget-container\">\n\t\t\t\t\t<div class=\"e-loop-nothing-found-message\">\n\t\t<\/div>\n\t\t\t\t<\/div>\n\t\t\t\t<\/div>\n\t\t\t\t<\/div>\n\t\t<div class=\"elementor-element elementor-element-398dead3 e-con-full e-flex e-con e-parent\" data-id=\"398dead3\" data-element_type=\"container\" data-settings=\"{&quot;background_background&quot;:&quot;classic&quot;}\">\n\t\t\t\t<div class=\"elementor-element elementor-element-579d8ec7 elementor-widget elementor-widget-heading\" data-id=\"579d8ec7\" data-element_type=\"widget\" data-widget_type=\"heading.default\">\n\t\t\t\t<div class=\"elementor-widget-container\">\n\t\t\t<h2 class=\"elementor-heading-title elementor-size-default\">Gli itinerari preferiti di Klaus e Manni <\/h2>\t\t<\/div>\n\t\t\t\t<\/div>\n\t\t\t\t<div class=\"elementor-element elementor-element-416120d9 elementor-arrows-position-inside elementor-widget elementor-widget-loop-carousel\" data-id=\"416120d9\" data-element_type=\"widget\" data-settings=\"{&quot;template_id&quot;:3423,&quot;slides_to_show_mobile&quot;:&quot;2&quot;,&quot;_skin&quot;:&quot;post&quot;,&quot;slides_to_show&quot;:&quot;3&quot;,&quot;slides_to_show_widescreen&quot;:&quot;3&quot;,&quot;slides_to_show_laptop&quot;:&quot;3&quot;,&quot;slides_to_show_tablet_extra&quot;:&quot;3&quot;,&quot;slides_to_show_tablet&quot;:&quot;2&quot;,&quot;slides_to_show_mobile_extra&quot;:&quot;2&quot;,&quot;slides_to_scroll&quot;:&quot;1&quot;,&quot;edit_handle_selector&quot;:&quot;.elementor-widget-container&quot;,&quot;autoplay&quot;:&quot;yes&quot;,&quot;autoplay_speed&quot;:5000,&quot;pause_on_hover&quot;:&quot;yes&quot;,&quot;pause_on_interaction&quot;:&quot;yes&quot;,&quot;infinite&quot;:&quot;yes&quot;,&quot;speed&quot;:500,&quot;offset_sides&quot;:&quot;none&quot;,&quot;arrows&quot;:&quot;yes&quot;,&quot;image_spacing_custom&quot;:{&quot;unit&quot;:&quot;px&quot;,&quot;size&quot;:10,&quot;sizes&quot;:[]},&quot;image_spacing_custom_widescreen&quot;:{&quot;unit&quot;:&quot;px&quot;,&quot;size&quot;:&quot;&quot;,&quot;sizes&quot;:[]},&quot;image_spacing_custom_laptop&quot;:{&quot;unit&quot;:&quot;px&quot;,&quot;size&quot;:&quot;&quot;,&quot;sizes&quot;:[]},&quot;image_spacing_custom_tablet_extra&quot;:{&quot;unit&quot;:&quot;px&quot;,&quot;size&quot;:&quot;&quot;,&quot;sizes&quot;:[]},&quot;image_spacing_custom_tablet&quot;:{&quot;unit&quot;:&quot;px&quot;,&quot;size&quot;:&quot;&quot;,&quot;sizes&quot;:[]},&quot;image_spacing_custom_mobile_extra&quot;:{&quot;unit&quot;:&quot;px&quot;,&quot;size&quot;:&quot;&quot;,&quot;sizes&quot;:[]},&quot;image_spacing_custom_mobile&quot;:{&quot;unit&quot;:&quot;px&quot;,&quot;size&quot;:&quot;&quot;,&quot;sizes&quot;:[]}}\" data-widget_type=\"loop-carousel.post\">\n\t\t\t\t<div class=\"elementor-widget-container\">\n\t\t\t\t\t<div class=\"e-loop-nothing-found-message\">\n\t\t<\/div>\n\t\t\t\t<\/div>\n\t\t\t\t<\/div>\n\t\t\t\t<\/div>\n\t\t\t\t<\/div>\n\t\t","protected":false},"excerpt":{"rendered":"<p>Il motociclismo in Alto Adige \u00e8 meraviglioso Klaus, giovane padrone di casa e motociclista appassionato, ne \u00e8 convinto: il suo Alto Adige \u00e8 un paradiso per chi cerca emozioni in sella davanti a panorami ineguagliabili, sfrecciando su sinuosi tornanti alla conquista dei pi\u00f9 bei passi montani&#8230; e non solo. Partendo dal nostro hotel raggiungerai facilmente [&hellip;]<\/p>\n","protected":false},"author":1,"featured_media":0,"parent":0,"menu_order":0,"comment_status":"closed","ping_status":"closed","template":"","meta":{"_acf_changed":false,"footnotes":""},"acf":[],"yoast_head":"<!-- This site is optimized with the Yoast SEO plugin v22.9 - https:\/\/yoast.com\/wordpress\/plugins\/seo\/ -->\n<title>Il tuo bike hotel in Alto Adige<\/title>\n<meta name=\"description\" content=\"Alto Adige? Un paradiso per gli amanti della due ruote. L&#039;Hotel Zur Br\u00fccke \u00e8 il punto di partenza perfetto per le tue avventure in moto!\" \/>\n<meta name=\"robots\" content=\"index, follow, max-snippet:-1, max-image-preview:large, max-video-preview:-1\" \/>\n<link rel=\"canonical\" href=\"https:\/\/hotel-zur-bruecke.com\/it\/per-motociclisti\/\" \/>\n<meta property=\"og:locale\" content=\"it_IT\" \/>\n<meta property=\"og:type\" content=\"article\" \/>\n<meta property=\"og:title\" content=\"Il tuo bike hotel in Alto Adige\" \/>\n<meta property=\"og:description\" content=\"Alto Adige? Un paradiso per gli amanti della due ruote. L&#039;Hotel Zur Br\u00fccke \u00e8 il punto di partenza perfetto per le tue avventure in moto!\" \/>\n<meta property=\"og:url\" content=\"https:\/\/hotel-zur-bruecke.com\/it\/per-motociclisti\/\" \/>\n<meta property=\"og:site_name\" content=\"Hotel zur Br\u00fccke\" \/>\n<meta property=\"article:publisher\" content=\"https:\/\/www.facebook.com\/photo\/?fbid=593451105857775&amp;set=a.580404327162453\" \/>\n<meta property=\"article:modified_time\" content=\"2024-06-12T13:25:58+00:00\" \/>\n<meta property=\"og:image\" content=\"https:\/\/hotel-zur-bruecke.com\/wp-content\/uploads\/2024\/06\/nuovo.png\" \/>\n<meta name=\"twitter:card\" content=\"summary_large_image\" \/>\n<meta name=\"twitter:label1\" content=\"Tempo di lettura stimato\" \/>\n\t<meta name=\"twitter:data1\" content=\"1 minuto\" \/>\n<script type=\"application\/ld+json\" class=\"yoast-schema-graph\">{\"@context\":\"https:\/\/schema.org\",\"@graph\":[{\"@type\":\"WebPage\",\"@id\":\"https:\/\/hotel-zur-bruecke.com\/it\/per-motociclisti\/\",\"url\":\"https:\/\/hotel-zur-bruecke.com\/it\/per-motociclisti\/\",\"name\":\"Il tuo bike hotel in Alto Adige\",\"isPartOf\":{\"@id\":\"https:\/\/hotel-zur-bruecke.com\/it\/#website\"},\"primaryImageOfPage\":{\"@id\":\"https:\/\/hotel-zur-bruecke.com\/it\/per-motociclisti\/#primaryimage\"},\"image\":{\"@id\":\"https:\/\/hotel-zur-bruecke.com\/it\/per-motociclisti\/#primaryimage\"},\"thumbnailUrl\":\"https:\/\/hotel-zur-bruecke.com\/wp-content\/uploads\/2024\/06\/nuovo.png\",\"datePublished\":\"2024-04-18T11:02:36+00:00\",\"dateModified\":\"2024-06-12T13:25:58+00:00\",\"description\":\"Alto Adige? Un paradiso per gli amanti della due ruote. L'Hotel Zur Br\u00fccke \u00e8 il punto di partenza perfetto per le tue avventure in moto!\",\"breadcrumb\":{\"@id\":\"https:\/\/hotel-zur-bruecke.com\/it\/per-motociclisti\/#breadcrumb\"},\"inLanguage\":\"it-IT\",\"potentialAction\":[{\"@type\":\"ReadAction\",\"target\":[\"https:\/\/hotel-zur-bruecke.com\/it\/per-motociclisti\/\"]}]},{\"@type\":\"ImageObject\",\"inLanguage\":\"it-IT\",\"@id\":\"https:\/\/hotel-zur-bruecke.com\/it\/per-motociclisti\/#primaryimage\",\"url\":\"https:\/\/hotel-zur-bruecke.com\/wp-content\/uploads\/2024\/06\/nuovo.png\",\"contentUrl\":\"https:\/\/hotel-zur-bruecke.com\/wp-content\/uploads\/2024\/06\/nuovo.png\"},{\"@type\":\"BreadcrumbList\",\"@id\":\"https:\/\/hotel-zur-bruecke.com\/it\/per-motociclisti\/#breadcrumb\",\"itemListElement\":[{\"@type\":\"ListItem\",\"position\":1,\"name\":\"Startseite\",\"item\":\"https:\/\/hotel-zur-bruecke.com\/it\/\"},{\"@type\":\"ListItem\",\"position\":2,\"name\":\"Per motociclisti\"}]},{\"@type\":\"WebSite\",\"@id\":\"https:\/\/hotel-zur-bruecke.com\/it\/#website\",\"url\":\"https:\/\/hotel-zur-bruecke.com\/it\/\",\"name\":\"Hotel zur Br\u00fccke\",\"description\":\"\",\"publisher\":{\"@id\":\"https:\/\/hotel-zur-bruecke.com\/it\/#organization\"},\"potentialAction\":[{\"@type\":\"SearchAction\",\"target\":{\"@type\":\"EntryPoint\",\"urlTemplate\":\"https:\/\/hotel-zur-bruecke.com\/it\/?s={search_term_string}\"},\"query-input\":\"required name=search_term_string\"}],\"inLanguage\":\"it-IT\"},{\"@type\":\"Organization\",\"@id\":\"https:\/\/hotel-zur-bruecke.com\/it\/#organization\",\"name\":\"Hotel zur Br\u00fccke\",\"url\":\"https:\/\/hotel-zur-bruecke.com\/it\/\",\"logo\":{\"@type\":\"ImageObject\",\"inLanguage\":\"it-IT\",\"@id\":\"https:\/\/hotel-zur-bruecke.com\/it\/#\/schema\/logo\/image\/\",\"url\":\"https:\/\/hotel-zur-bruecke.com\/wp-content\/uploads\/2024\/04\/Gruppe-70.svg\",\"contentUrl\":\"https:\/\/hotel-zur-bruecke.com\/wp-content\/uploads\/2024\/04\/Gruppe-70.svg\",\"width\":248,\"height\":89,\"caption\":\"Hotel zur Br\u00fccke\"},\"image\":{\"@id\":\"https:\/\/hotel-zur-bruecke.com\/it\/#\/schema\/logo\/image\/\"},\"sameAs\":[\"https:\/\/www.facebook.com\/photo\/?fbid=593451105857775&set=a.580404327162453\",\"https:\/\/www.instagram.com\/zurbruecke\/\"]}]}<\/script>\n<!-- \/ Yoast SEO plugin. -->","yoast_head_json":{"title":"Il tuo bike hotel in Alto Adige","description":"Alto Adige? Un paradiso per gli amanti della due ruote. L'Hotel Zur Br\u00fccke \u00e8 il punto di partenza perfetto per le tue avventure in moto!","robots":{"index":"index","follow":"follow","max-snippet":"max-snippet:-1","max-image-preview":"max-image-preview:large","max-video-preview":"max-video-preview:-1"},"canonical":"https:\/\/hotel-zur-bruecke.com\/it\/per-motociclisti\/","og_locale":"it_IT","og_type":"article","og_title":"Il tuo bike hotel in Alto Adige","og_description":"Alto Adige? Un paradiso per gli amanti della due ruote. L'Hotel Zur Br\u00fccke \u00e8 il punto di partenza perfetto per le tue avventure in moto!","og_url":"https:\/\/hotel-zur-bruecke.com\/it\/per-motociclisti\/","og_site_name":"Hotel zur Br\u00fccke","article_publisher":"https:\/\/www.facebook.com\/photo\/?fbid=593451105857775&set=a.580404327162453","article_modified_time":"2024-06-12T13:25:58+00:00","og_image":[{"url":"https:\/\/hotel-zur-bruecke.com\/wp-content\/uploads\/2024\/06\/nuovo.png"}],"twitter_card":"summary_large_image","twitter_misc":{"Tempo di lettura stimato":"1 minuto"},"schema":{"@context":"https:\/\/schema.org","@graph":[{"@type":"WebPage","@id":"https:\/\/hotel-zur-bruecke.com\/it\/per-motociclisti\/","url":"https:\/\/hotel-zur-bruecke.com\/it\/per-motociclisti\/","name":"Il tuo bike hotel in Alto Adige","isPartOf":{"@id":"https:\/\/hotel-zur-bruecke.com\/it\/#website"},"primaryImageOfPage":{"@id":"https:\/\/hotel-zur-bruecke.com\/it\/per-motociclisti\/#primaryimage"},"image":{"@id":"https:\/\/hotel-zur-bruecke.com\/it\/per-motociclisti\/#primaryimage"},"thumbnailUrl":"https:\/\/hotel-zur-bruecke.com\/wp-content\/uploads\/2024\/06\/nuovo.png","datePublished":"2024-04-18T11:02:36+00:00","dateModified":"2024-06-12T13:25:58+00:00","description":"Alto Adige? Un paradiso per gli amanti della due ruote. L'Hotel Zur Br\u00fccke \u00e8 il punto di partenza perfetto per le tue avventure in moto!","breadcrumb":{"@id":"https:\/\/hotel-zur-bruecke.com\/it\/per-motociclisti\/#breadcrumb"},"inLanguage":"it-IT","potentialAction":[{"@type":"ReadAction","target":["https:\/\/hotel-zur-bruecke.com\/it\/per-motociclisti\/"]}]},{"@type":"ImageObject","inLanguage":"it-IT","@id":"https:\/\/hotel-zur-bruecke.com\/it\/per-motociclisti\/#primaryimage","url":"https:\/\/hotel-zur-bruecke.com\/wp-content\/uploads\/2024\/06\/nuovo.png","contentUrl":"https:\/\/hotel-zur-bruecke.com\/wp-content\/uploads\/2024\/06\/nuovo.png"},{"@type":"BreadcrumbList","@id":"https:\/\/hotel-zur-bruecke.com\/it\/per-motociclisti\/#breadcrumb","itemListElement":[{"@type":"ListItem","position":1,"name":"Startseite","item":"https:\/\/hotel-zur-bruecke.com\/it\/"},{"@type":"ListItem","position":2,"name":"Per motociclisti"}]},{"@type":"WebSite","@id":"https:\/\/hotel-zur-bruecke.com\/it\/#website","url":"https:\/\/hotel-zur-bruecke.com\/it\/","name":"Hotel zur Br\u00fccke","description":"","publisher":{"@id":"https:\/\/hotel-zur-bruecke.com\/it\/#organization"},"potentialAction":[{"@type":"SearchAction","target":{"@type":"EntryPoint","urlTemplate":"https:\/\/hotel-zur-bruecke.com\/it\/?s={search_term_string}"},"query-input":"required name=search_term_string"}],"inLanguage":"it-IT"},{"@type":"Organization","@id":"https:\/\/hotel-zur-bruecke.com\/it\/#organization","name":"Hotel zur Br\u00fccke","url":"https:\/\/hotel-zur-bruecke.com\/it\/","logo":{"@type":"ImageObject","inLanguage":"it-IT","@id":"https:\/\/hotel-zur-bruecke.com\/it\/#\/schema\/logo\/image\/","url":"https:\/\/hotel-zur-bruecke.com\/wp-content\/uploads\/2024\/04\/Gruppe-70.svg","contentUrl":"https:\/\/hotel-zur-bruecke.com\/wp-content\/uploads\/2024\/04\/Gruppe-70.svg","width":248,"height":89,"caption":"Hotel zur Br\u00fccke"},"image":{"@id":"https:\/\/hotel-zur-bruecke.com\/it\/#\/schema\/logo\/image\/"},"sameAs":["https:\/\/www.facebook.com\/photo\/?fbid=593451105857775&set=a.580404327162453","https:\/\/www.instagram.com\/zurbruecke\/"]}]}},"_links":{"self":[{"href":"https:\/\/hotel-zur-bruecke.com\/it\/wp-json\/wp\/v2\/pages\/3096"}],"collection":[{"href":"https:\/\/hotel-zur-bruecke.com\/it\/wp-json\/wp\/v2\/pages"}],"about":[{"href":"https:\/\/hotel-zur-bruecke.com\/it\/wp-json\/wp\/v2\/types\/page"}],"author":[{"embeddable":true,"href":"https:\/\/hotel-zur-bruecke.com\/it\/wp-json\/wp\/v2\/users\/1"}],"replies":[{"embeddable":true,"href":"https:\/\/hotel-zur-bruecke.com\/it\/wp-json\/wp\/v2\/comments?post=3096"}],"version-history":[{"count":1,"href":"https:\/\/hotel-zur-bruecke.com\/it\/wp-json\/wp\/v2\/pages\/3096\/revisions"}],"predecessor-version":[{"id":3097,"href":"https:\/\/hotel-zur-bruecke.com\/it\/wp-json\/wp\/v2\/pages\/3096\/revisions\/3097"}],"wp:attachment":[{"href":"https:\/\/hotel-zur-bruecke.com\/it\/wp-json\/wp\/v2\/media?parent=3096"}],"curies":[{"name":"wp","href":"https:\/\/api.w.org\/{rel}","templated":true}]}}